{"id":180441,"date":"2024-02-04T10:45:55","date_gmt":"2024-02-04T07:45:55","guid":{"rendered":"https:\/\/mobidictum.com\/?page_id=180441"},"modified":"2024-02-04T10:45:56","modified_gmt":"2024-02-04T07:45:56","slug":"bulten-onayi","status":"publish","type":"page","link":"https:\/\/mobidictum.com\/tr\/bulten-onayi\/","title":{"rendered":"B\u00fclten Onay\u0131"},"content":{"rendered":"\n<p><\/p>\n\n\n\n<ul class=\"is-style-cnvs-list-styled-positive wp-block-list\">\n<li>Aboneli\u011finiz onayland\u0131. \u0130lk b\u00fcltenimize kadar g\u00fcncel i\u00e7eriklerimize g\u00f6z atabilirsiniz.<\/li>\n<\/ul>\n\n\n","protected":false},"excerpt":{"rendered":"","protected":false},"author":1,"featured_media":0,"parent":0,"menu_order":0,"comment_status":"closed","ping_status":"closed","template":"","meta":{"_acf_changed":false,"footnotes":""},"class_list":["post-180441","page","type-page","status-publish","hentry"],"acf":[],"_links":{"self":[{"href":"https:\/\/mobidictum.com\/tr\/wp-json\/wp\/v2\/pages\/180441","targetHints":{"allow":["GET"]}}],"collection":[{"href":"https:\/\/mobidictum.com\/tr\/wp-json\/wp\/v2\/pages"}],"about":[{"href":"https:\/\/mobidictum.com\/tr\/wp-json\/wp\/v2\/types\/page"}],"author":[{"embeddable":true,"href":"https:\/\/mobidictum.com\/tr\/wp-json\/wp\/v2\/users\/1"}],"replies":[{"embeddable":true,"href":"https:\/\/mobidictum.com\/tr\/wp-json\/wp\/v2\/comments?post=180441"}],"version-history":[{"count":1,"href":"https:\/\/mobidictum.com\/tr\/wp-json\/wp\/v2\/pages\/180441\/revisions"}],"predecessor-version":[{"id":180442,"href":"https:\/\/mobidictum.com\/tr\/wp-json\/wp\/v2\/pages\/180441\/revisions\/180442"}],"wp:attachment":[{"href":"https:\/\/mobidictum.com\/tr\/wp-json\/wp\/v2\/media?parent=180441"}],"curies":[{"name":"wp","href":"https:\/\/api.w.org\/{rel}","templated":true}]}}