{"id":184116,"date":"2024-03-21T13:21:44","date_gmt":"2024-03-21T10:21:44","guid":{"rendered":"https:\/\/mobidictum.com\/?page_id=184116"},"modified":"2024-03-21T13:21:45","modified_gmt":"2024-03-21T10:21:45","slug":"is-ilanlari","status":"publish","type":"page","link":"https:\/\/mobidictum.com\/tr\/is-ilanlari\/","title":{"rendered":"\u0130\u015f \u0130lanlar\u0131"},"content":{"rendered":"\n<p><\/p>\n\n\n\n<iframe src=\"https:\/\/jobs.mobidictum.biz\/embed\/jobs\" title=\"New jobs from Career in Games\" width=\"800\" height=\"1200\" style=\"border: 0; border-radius: 8px; background: #f0f0f0;\"><\/iframe>\n","protected":false},"excerpt":{"rendered":"","protected":false},"author":1,"featured_media":0,"parent":0,"menu_order":0,"comment_status":"closed","ping_status":"closed","template":"","meta":{"footnotes":""},"class_list":{"0":"post-184116","1":"page","2":"type-page","3":"status-publish","5":"cs-entry","6":"cs-video-wrap"},"_links":{"self":[{"href":"https:\/\/mobidictum.com\/tr\/wp-json\/wp\/v2\/pages\/184116","targetHints":{"allow":["GET"]}}],"collection":[{"href":"https:\/\/mobidictum.com\/tr\/wp-json\/wp\/v2\/pages"}],"about":[{"href":"https:\/\/mobidictum.com\/tr\/wp-json\/wp\/v2\/types\/page"}],"author":[{"embeddable":true,"href":"https:\/\/mobidictum.com\/tr\/wp-json\/wp\/v2\/users\/1"}],"replies":[{"embeddable":true,"href":"https:\/\/mobidictum.com\/tr\/wp-json\/wp\/v2\/comments?post=184116"}],"version-history":[{"count":1,"href":"https:\/\/mobidictum.com\/tr\/wp-json\/wp\/v2\/pages\/184116\/revisions"}],"predecessor-version":[{"id":184117,"href":"https:\/\/mobidictum.com\/tr\/wp-json\/wp\/v2\/pages\/184116\/revisions\/184117"}],"wp:attachment":[{"href":"https:\/\/mobidictum.com\/tr\/wp-json\/wp\/v2\/media?parent=184116"}],"curies":[{"name":"wp","href":"https:\/\/api.w.org\/{rel}","templated":true}]}}