{"id":19064,"date":"2021-10-18T17:13:30","date_gmt":"2021-10-18T14:13:30","guid":{"rendered":"https:\/\/mobidictum.com\/?page_id=19064"},"modified":"2021-10-18T17:13:31","modified_gmt":"2021-10-18T14:13:31","slug":"kariyer","status":"publish","type":"page","link":"https:\/\/mobidictum.com\/tr\/kariyer\/","title":{"rendered":"Kariyer"},"content":{"rendered":"\n<div class=\"wp-block-columns is-layout-flex wp-container-core-columns-is-layout-9d6595d7 wp-block-columns-is-layout-flex\">\n<div class=\"wp-block-column is-layout-flow wp-block-column-is-layout-flow\">\n<div class=\"wp-block-columns is-layout-flex wp-container-core-columns-is-layout-9d6595d7 wp-block-columns-is-layout-flex\">\n<div class=\"wp-block-column has-gray-100-background-color has-background is-layout-flow wp-block-column-is-layout-flow\">\n<div class=\"wp-block-columns has-very-light-gray-to-cyan-bluish-gray-gradient-background has-background is-layout-flex wp-container-core-columns-is-layout-9d6595d7 wp-block-columns-is-layout-flex\">\n<div class=\"wp-block-column is-layout-flow wp-block-column-is-layout-flow\">\n<h2 id=\"hizli-buyuyen-bir-medya-sirketin-calismak-ister-misiniz\" class=\"cnvs-block-section-heading cnvs-block-section-heading-1634043345749 is-style-cnvs-block-section-heading-11 haligncenter\" >\n\t<span class=\"cnvs-section-title\">\n\t\t<span>HIzl\u0131 b\u00fcy\u00fcyen b\u0130R MEDYA \u015e\u0130RKET\u0130N \u00c7ALI\u015eMAK \u0130STER M\u0130S\u0130N\u0130Z?<\/span>\n\t<\/span>\n<\/h2>\n\n\n\n<div style=\"height:1px\" aria-hidden=\"true\" class=\"wp-block-spacer\"><\/div>\n\n\n\n<p class=\"is-style-default has-red-color has-text-color has-medium-font-size\">Her zaman yeni ekip arkada\u015flar\u0131 ar\u0131yoruz! A\u00e7\u0131k pozisyonlar\u0131 kontrol edin.<\/p>\n\n\n\n<div style=\"height:77px\" aria-hidden=\"true\" class=\"wp-block-spacer\"><\/div>\n\n\n\n<div class=\"wp-block-buttons is-layout-flex wp-block-buttons-is-layout-flex\">\n<div class=\"wp-block-button has-custom-width wp-block-button__width-100\"><a class=\"wp-block-button__link has-red-background-color has-background\" href=\"https:\/\/jobs.mobidictum.biz\/company\/mobidictum\" target=\"_blank\" rel=\"noreferrer noopener\">1 A\u00c7IK POZ\u0130SYON<\/a><\/div>\n<\/div>\n<\/div>\n\n\n\n<div class=\"wp-block-column is-layout-flow wp-block-column-is-layout-flow\">\n<div style=\"height:103px\" aria-hidden=\"true\" class=\"wp-block-spacer\"><\/div>\n\n\n\n<figure class=\"wp-block-image size-large is-style-default\"><img fetchpriority=\"high\" decoding=\"async\" width=\"1024\" height=\"249\" src=\"https:\/\/mobidictum.com\/wp-content\/uploads\/2021\/04\/Mobidictum-Logo-Black-1024x249.png\" alt=\"\" class=\"wp-image-10622\" srcset=\"https:\/\/mobidictum.com\/wp-content\/uploads\/2021\/04\/Mobidictum-Logo-Black-1024x249.png 1024w, https:\/\/mobidictum.com\/wp-content\/uploads\/2021\/04\/Mobidictum-Logo-Black-600x146.png 600w, https:\/\/mobidictum.com\/wp-content\/uploads\/2021\/04\/Mobidictum-Logo-Black-300x73.png 300w, https:\/\/mobidictum.com\/wp-content\/uploads\/2021\/04\/Mobidictum-Logo-Black-768x187.png 768w, https:\/\/mobidictum.com\/wp-content\/uploads\/2021\/04\/Mobidictum-Logo-Black-1536x374.png 1536w, https:\/\/mobidictum.com\/wp-content\/uploads\/2021\/04\/Mobidictum-Logo-Black-2048x498.png 2048w, https:\/\/mobidictum.com\/wp-content\/uploads\/2021\/04\/Mobidictum-Logo-Black-1920x467.png 1920w, https:\/\/mobidictum.com\/wp-content\/uploads\/2021\/04\/Mobidictum-Logo-Black-1170x285.png 1170w, https:\/\/mobidictum.com\/wp-content\/uploads\/2021\/04\/Mobidictum-Logo-Black-585x142.png 585w, https:\/\/mobidictum.com\/wp-content\/uploads\/2021\/04\/Mobidictum-Logo-Black.png 3025w\" sizes=\"(max-width: 1024px) 100vw, 1024px\" \/><\/figure>\n<\/div>\n<\/div>\n<\/div>\n<\/div>\n<\/div>\n<\/div>\n\n\n\n<div style=\"height:100px\" aria-hidden=\"true\" class=\"wp-block-spacer\"><\/div>\n\n\n\n<div class=\"wp-block-columns is-layout-flex wp-container-core-columns-is-layout-9d6595d7 wp-block-columns-is-layout-flex\">\n<div class=\"wp-block-column is-layout-flow wp-block-column-is-layout-flow\" style=\"flex-basis:33.33%\">\n<h2 id=\"neden-mobidictum\" class=\"is-style-default has-large-font-size wp-block-heading\">Neden Mobidictum?<\/h2>\n<\/div>\n\n\n\n<div class=\"wp-block-column is-layout-flow wp-block-column-is-layout-flow\" style=\"flex-basis:66.66%\">\n<p>Mobidictum, mobil oyun sekt\u00f6r\u00fc \u00f6zelinde h\u0131zl\u0131 b\u00fcy\u00fcyen bir medya \u015firketidir. Sekt\u00f6r\u00fcn lider firmalar\u0131yla \u00e7al\u0131\u015fma ve sekt\u00f6re y\u00f6n verme \u015fans\u0131na sahip olabilirsiniz.<\/p>\n<\/div>\n<\/div>\n\n\n\n<div style=\"height:76px\" aria-hidden=\"true\" class=\"wp-block-spacer\"><\/div>\n\n\n\n<h2 id=\"kultur\" class=\"cnvs-block-section-heading cnvs-block-section-heading-1634301018847 is-style-cnvs-block-section-heading-11 haligncenter\" >\n\t<span class=\"cnvs-section-title\">\n\t\t<span>K\u00dcLT\u00dcR<\/span>\n\t<\/span>\n<\/h2>\n\n\n\n<div style=\"height:30px\" aria-hidden=\"true\" class=\"wp-block-spacer\"><\/div>\n\n\n\n<div class=\"wp-block-columns is-layout-flex wp-container-core-columns-is-layout-9d6595d7 wp-block-columns-is-layout-flex\">\n<div class=\"wp-block-column is-layout-flow wp-block-column-is-layout-flow\">\n<div class=\"wp-block-image is-style-default\"><figure class=\"aligncenter size-full is-resized\"><img decoding=\"async\" src=\"https:\/\/mobidictum.com\/wp-content\/uploads\/2021\/10\/New-Project.png\" alt=\"\" class=\"wp-image-18913\" width=\"87\" height=\"87\" srcset=\"https:\/\/mobidictum.com\/wp-content\/uploads\/2021\/10\/New-Project.png 150w, https:\/\/mobidictum.com\/wp-content\/uploads\/2021\/10\/New-Project-100x100.png 100w, https:\/\/mobidictum.com\/wp-content\/uploads\/2021\/10\/New-Project-80x80.png 80w, https:\/\/mobidictum.com\/wp-content\/uploads\/2021\/10\/New-Project-110x110.png 110w\" sizes=\"(max-width: 87px) 100vw, 87px\" \/><\/figure><\/div>\n\n\n\n<h2 id=\"istediginiz-yerde-calisin\" class=\"cnvs-block-section-heading cnvs-block-section-heading-1634301319815 haligncenter\" >\n\t<span class=\"cnvs-section-title\">\n\t\t<span>\u0130STED\u0130\u011e\u0130N\u0130Z YERDE \u00c7ALI\u015eIN<\/span>\n\t<\/span>\n<\/h2>\n\n\n\n<p>B\u00fct\u00fcn ekibimiz remote modeliyle \u00e7al\u0131\u015f\u0131yor. \u0130ster evinizden isterseniz bir sahilde g\u00fcne\u015flenirken \u00e7al\u0131\u015fabilirsiniz.<\/p>\n<\/div>\n\n\n\n<div class=\"wp-block-column is-layout-flow wp-block-column-is-layout-flow\">\n<div class=\"wp-block-image is-style-default\"><figure class=\"aligncenter size-full is-resized\"><img decoding=\"async\" src=\"https:\/\/mobidictum.com\/wp-content\/uploads\/2021\/10\/New-Project-1.png\" alt=\"\" class=\"wp-image-18919\" width=\"86\" height=\"86\" srcset=\"https:\/\/mobidictum.com\/wp-content\/uploads\/2021\/10\/New-Project-1.png 150w, https:\/\/mobidictum.com\/wp-content\/uploads\/2021\/10\/New-Project-1-100x100.png 100w, https:\/\/mobidictum.com\/wp-content\/uploads\/2021\/10\/New-Project-1-80x80.png 80w, https:\/\/mobidictum.com\/wp-content\/uploads\/2021\/10\/New-Project-1-110x110.png 110w\" sizes=\"(max-width: 86px) 100vw, 86px\" \/><\/figure><\/div>\n\n\n\n<h2 id=\"esnek-calisma-saatleri\" class=\"cnvs-block-section-heading cnvs-block-section-heading-1634301595643 haligncenter\" >\n\t<span class=\"cnvs-section-title\">\n\t\t<span>ESNEK \u00c7ALI\u015eMA SAATLER\u0130<\/span>\n\t<\/span>\n<\/h2>\n\n\n\n<p>Ana \u00e7al\u0131\u015fma saati i\u00e7erisinde toplant\u0131lara kat\u0131ld\u0131\u011f\u0131n\u0131z, mesajlara ve e-postalara cevap verdi\u011finiz ve g\u00f6revlerinizi zaman\u0131nda tamamlad\u0131\u011f\u0131n\u0131z s\u00fcrece istedi\u011finiz zaman \u00e7al\u0131\u015fabilirsiniz.<\/p>\n<\/div>\n\n\n\n<div class=\"wp-block-column is-layout-flow wp-block-column-is-layout-flow\">\n<div class=\"wp-block-image is-style-default\"><figure class=\"aligncenter size-full is-resized\"><img loading=\"lazy\" decoding=\"async\" src=\"https:\/\/mobidictum.com\/wp-content\/uploads\/2021\/10\/New-Project-2.png\" alt=\"\" class=\"wp-image-18922\" width=\"86\" height=\"86\" srcset=\"https:\/\/mobidictum.com\/wp-content\/uploads\/2021\/10\/New-Project-2.png 150w, https:\/\/mobidictum.com\/wp-content\/uploads\/2021\/10\/New-Project-2-100x100.png 100w, https:\/\/mobidictum.com\/wp-content\/uploads\/2021\/10\/New-Project-2-80x80.png 80w, https:\/\/mobidictum.com\/wp-content\/uploads\/2021\/10\/New-Project-2-110x110.png 110w\" sizes=\"(max-width: 86px) 100vw, 86px\" \/><\/figure><\/div>\n\n\n\n<h2 id=\"rekabetci-maas\" class=\"cnvs-block-section-heading cnvs-block-section-heading-1634301599999 haligncenter\" >\n\t<span class=\"cnvs-section-title\">\n\t\t<span><meta charset=\"utf-8\">rekabet\u00e7\u0130 maa\u015f<\/span>\n\t<\/span>\n<\/h2>\n\n\n\n<p>\u0130yi performans g\u00f6ster, daha fazlas\u0131n\u0131 al! Maa\u015f politikam\u0131z performans \u00fczerine kurulu. Performans\u0131n\u0131z alev ald\u0131\u011f\u0131 zaman daha fazla kazanabilirsiniz!<\/p>\n<\/div>\n<\/div>\n\n\n\n<div style=\"height:52px\" aria-hidden=\"true\" class=\"wp-block-spacer\"><\/div>\n\n\n\n<div class=\"wp-block-columns is-layout-flex wp-container-core-columns-is-layout-9d6595d7 wp-block-columns-is-layout-flex\">\n<div class=\"wp-block-column is-layout-flow wp-block-column-is-layout-flow\" style=\"padding-top:0px;padding-right:0px;padding-bottom:0px;padding-left:0px\">\n<div class=\"wp-block-image is-style-default\"><figure class=\"aligncenter size-full is-resized\"><img loading=\"lazy\" decoding=\"async\" src=\"https:\/\/mobidictum.com\/wp-content\/uploads\/2021\/10\/New-Project-1.png\" alt=\"\" class=\"wp-image-18919\" width=\"78\" height=\"78\" srcset=\"https:\/\/mobidictum.com\/wp-content\/uploads\/2021\/10\/New-Project-1.png 150w, https:\/\/mobidictum.com\/wp-content\/uploads\/2021\/10\/New-Project-1-100x100.png 100w, https:\/\/mobidictum.com\/wp-content\/uploads\/2021\/10\/New-Project-1-80x80.png 80w, https:\/\/mobidictum.com\/wp-content\/uploads\/2021\/10\/New-Project-1-110x110.png 110w\" sizes=\"(max-width: 78px) 100vw, 78px\" \/><\/figure><\/div>\n\n\n\n<h2 id=\"yan-haklar\" class=\"cnvs-block-section-heading cnvs-block-section-heading-1634565777490 haligncenter\" >\n\t<span class=\"cnvs-section-title\">\n\t\t<span>YAN HAklar<\/span>\n\t<\/span>\n<\/h2>\n\n\n\n<ul class=\"wp-block-list\"><li>E\u011fitim i\u00e7in finansal destek<\/li><li>Yeni ba\u015flayanlar i\u00e7in ho\u015f geldin kiti<\/li><li>Performans bazl\u0131 bonuslar<\/li><\/ul>\n<\/div>\n\n\n\n<div class=\"wp-block-column is-vertically-aligned-top is-layout-flow wp-block-column-is-layout-flow\">\n<div class=\"wp-block-image is-style-default\"><figure class=\"aligncenter size-full is-resized\"><img loading=\"lazy\" decoding=\"async\" src=\"https:\/\/mobidictum.com\/wp-content\/uploads\/2021\/10\/New-Project.png\" alt=\"\" class=\"wp-image-18913\" width=\"77\" height=\"77\" srcset=\"https:\/\/mobidictum.com\/wp-content\/uploads\/2021\/10\/New-Project.png 150w, https:\/\/mobidictum.com\/wp-content\/uploads\/2021\/10\/New-Project-100x100.png 100w, https:\/\/mobidictum.com\/wp-content\/uploads\/2021\/10\/New-Project-80x80.png 80w, https:\/\/mobidictum.com\/wp-content\/uploads\/2021\/10\/New-Project-110x110.png 110w\" sizes=\"(max-width: 77px) 100vw, 77px\" \/><\/figure><\/div>\n\n\n\n<h2 id=\"tatiller\" class=\"cnvs-block-section-heading cnvs-block-section-heading-1634302212103 haligncenter\" >\n\t<span class=\"cnvs-section-title\">\n\t\t<span>tat\u0130LLER<\/span>\n\t<\/span>\n<\/h2>\n\n\n\n<p>Mobidictum&#8217;un her bir \u00e7al\u0131\u015fan\u0131 diledi\u011fi zaman izin alabilir<\/p>\n<\/div>\n\n\n\n<div class=\"wp-block-column is-layout-flow wp-block-column-is-layout-flow\"><\/div>\n<\/div>\n\n\n\n<div style=\"height:100px\" aria-hidden=\"true\" class=\"wp-block-spacer\"><\/div>\n","protected":false},"excerpt":{"rendered":"Her zaman yeni ekip arkada\u015flar\u0131 ar\u0131yoruz! A\u00e7\u0131k pozisyonlar\u0131 kontrol edin. Neden Mobidictum? Mobidictum, mobil oyun sekt\u00f6r\u00fc \u00f6zelinde h\u0131zl\u0131&hellip;\n","protected":false},"author":1,"featured_media":0,"parent":0,"menu_order":0,"comment_status":"closed","ping_status":"closed","template":"","meta":{"footnotes":""},"class_list":{"0":"post-19064","1":"page","2":"type-page","3":"status-publish","5":"cs-entry","6":"cs-video-wrap"},"_links":{"self":[{"href":"https:\/\/mobidictum.com\/tr\/wp-json\/wp\/v2\/pages\/19064","targetHints":{"allow":["GET"]}}],"collection":[{"href":"https:\/\/mobidictum.com\/tr\/wp-json\/wp\/v2\/pages"}],"about":[{"href":"https:\/\/mobidictum.com\/tr\/wp-json\/wp\/v2\/types\/page"}],"author":[{"embeddable":true,"href":"https:\/\/mobidictum.com\/tr\/wp-json\/wp\/v2\/users\/1"}],"replies":[{"embeddable":true,"href":"https:\/\/mobidictum.com\/tr\/wp-json\/wp\/v2\/comments?post=19064"}],"version-history":[{"count":1,"href":"https:\/\/mobidictum.com\/tr\/wp-json\/wp\/v2\/pages\/19064\/revisions"}],"predecessor-version":[{"id":150351,"href":"https:\/\/mobidictum.com\/tr\/wp-json\/wp\/v2\/pages\/19064\/revisions\/150351"}],"wp:attachment":[{"href":"https:\/\/mobidictum.com\/tr\/wp-json\/wp\/v2\/media?parent=19064"}],"curies":[{"name":"wp","href":"https:\/\/api.w.org\/{rel}","templated":true}]}}