{"id":4214,"date":"2020-06-10T12:00:23","date_gmt":"2020-06-10T09:00:23","guid":{"rendered":"https:\/\/mobidictum.com\/?page_id=4214"},"modified":"2024-12-09T16:40:31","modified_gmt":"2024-12-09T13:40:31","slug":"bulten","status":"publish","type":"page","link":"https:\/\/mobidictum.com\/tr\/bulten\/","title":{"rendered":"B\u00fcltenler"},"content":{"rendered":"\n<h2 class=\"wp-block-heading\">B\u00fcltenimize Abone Olun!<\/h2>\n\n\n\n<div id=\"custom-substack-embed\"><\/div>\n\n\n<script>\n  window.CustomSubstackWidget = {\n    substackUrl: \"oyunsektoru.substack.com\",\n    placeholder: \"example@gmail.com\",\n    buttonText: \"Subscribe\",\n    theme: \"custom\",\n    colors: {\n      primary: \"#BE1623\",\n      input: \"#000000\",\n      email: \"#FFFFFF\",\n      text: \"#000000\",\n    },\n\n    \/\/ Go to substackapi.com to unlock custom redirect\n\n  };\n<\/script>\n<script src=\"https:\/\/substackapi.com\/widget.js\" async><\/script>\n\n\n\n<ul class=\"wp-block-list\">\n<li><strong>9800<\/strong>\u2018den fazla mobil oyun geli\u015ftirici bu b\u00fcltenleri al\u0131yor.<\/li>\n\n\n\n<li>Haftal\u0131k b\u00fclten: Sekt\u00f6r \u00f6zeti ve son raporlar<\/li>\n\n\n\n<li>\u0130\u015f \u0130lanlar\u0131 B\u00fclteni: Sekt\u00f6rdeki son i\u015f ilanlar\u0131<\/li>\n\n\n\n<li>Akademi: Oyun geli\u015ftiriciler i\u00e7in teknik bilgiler<\/li>\n<\/ul>\n\n\n\n<ul class=\"wp-block-list\"><\/ul>\n\n\n\n<div class=\"wp-block-columns is-layout-flex wp-container-core-columns-is-layout-9d6595d7 wp-block-columns-is-layout-flex\">\n<div class=\"wp-block-column is-layout-flow wp-block-column-is-layout-flow\"><\/div>\n<\/div>\n\n\n\n<p><\/p>\n","protected":false},"excerpt":{"rendered":"<p>B\u00fcltenimize Abone Olun!<\/p>\n","protected":false},"author":1,"featured_media":10343,"parent":0,"menu_order":0,"comment_status":"closed","ping_status":"closed","template":"","meta":{"_acf_changed":false,"footnotes":""},"class_list":["post-4214","page","type-page","status-publish","has-post-thumbnail","hentry"],"acf":[],"_links":{"self":[{"href":"https:\/\/mobidictum.com\/tr\/wp-json\/wp\/v2\/pages\/4214","targetHints":{"allow":["GET"]}}],"collection":[{"href":"https:\/\/mobidictum.com\/tr\/wp-json\/wp\/v2\/pages"}],"about":[{"href":"https:\/\/mobidictum.com\/tr\/wp-json\/wp\/v2\/types\/page"}],"author":[{"embeddable":true,"href":"https:\/\/mobidictum.com\/tr\/wp-json\/wp\/v2\/users\/1"}],"replies":[{"embeddable":true,"href":"https:\/\/mobidictum.com\/tr\/wp-json\/wp\/v2\/comments?post=4214"}],"version-history":[{"count":39,"href":"https:\/\/mobidictum.com\/tr\/wp-json\/wp\/v2\/pages\/4214\/revisions"}],"predecessor-version":[{"id":208819,"href":"https:\/\/mobidictum.com\/tr\/wp-json\/wp\/v2\/pages\/4214\/revisions\/208819"}],"wp:featuredmedia":[{"embeddable":true,"href":"https:\/\/mobidictum.com\/tr\/wp-json\/wp\/v2\/media\/10343"}],"wp:attachment":[{"href":"https:\/\/mobidictum.com\/tr\/wp-json\/wp\/v2\/media?parent=4214"}],"curies":[{"name":"wp","href":"https:\/\/api.w.org\/{rel}","templated":true}]}}