{"id":7207,"date":"2021-01-12T16:48:19","date_gmt":"2021-01-12T13:48:19","guid":{"rendered":"https:\/\/mobidictum.com\/hakkimizda\/"},"modified":"2023-06-08T16:10:09","modified_gmt":"2023-06-08T13:10:09","slug":"hakkimizda","status":"publish","type":"page","link":"https:\/\/mobidictum.com\/tr\/hakkimizda\/","title":{"rendered":"Hakk\u0131m\u0131zda"},"content":{"rendered":"\t\t<div data-elementor-type=\"wp-page\" data-elementor-id=\"7207\" class=\"elementor elementor-7207\" data-elementor-post-type=\"page\">\n\t\t\t\t\t\t<section class=\"elementor-section elementor-top-section elementor-element elementor-element-26aca98 elementor-section-boxed elementor-section-height-default elementor-section-height-default\" data-id=\"26aca98\" data-element_type=\"section\" data-e-type=\"section\">\n\t\t\t\t\t\t<div class=\"elementor-container elementor-column-gap-default\">\n\t\t\t\t\t<div class=\"elementor-column elementor-col-100 elementor-top-column elementor-element elementor-element-905b1ce\" data-id=\"905b1ce\" data-element_type=\"column\" data-e-type=\"column\">\n\t\t\t<div class=\"elementor-widget-wrap elementor-element-populated\">\n\t\t\t\t\t\t<div class=\"elementor-element elementor-element-a5b5902 elementor-widget elementor-widget-image\" data-id=\"a5b5902\" data-element_type=\"widget\" data-e-type=\"widget\" data-widget_type=\"image.default\">\n\t\t\t\t<div class=\"elementor-widget-container\">\n\t\t\t\t\t\t\t\t\t\t\t\t\t\t\t<img fetchpriority=\"high\" decoding=\"async\" width=\"640\" height=\"156\" src=\"https:\/\/mobidictum.com\/wp-content\/uploads\/2021\/03\/Mobidictum-Business-Logo_white-01-1024x249.png\" class=\"attachment-large size-large wp-image-9295\" alt=\"\" srcset=\"https:\/\/mobidictum.com\/wp-content\/uploads\/2021\/03\/Mobidictum-Business-Logo_white-01-1024x249.png 1024w, https:\/\/mobidictum.com\/wp-content\/uploads\/2021\/03\/Mobidictum-Business-Logo_white-01-600x146.png 600w, https:\/\/mobidictum.com\/wp-content\/uploads\/2021\/03\/Mobidictum-Business-Logo_white-01-300x73.png 300w, https:\/\/mobidictum.com\/wp-content\/uploads\/2021\/03\/Mobidictum-Business-Logo_white-01-768x187.png 768w, https:\/\/mobidictum.com\/wp-content\/uploads\/2021\/03\/Mobidictum-Business-Logo_white-01-1536x374.png 1536w, https:\/\/mobidictum.com\/wp-content\/uploads\/2021\/03\/Mobidictum-Business-Logo_white-01-2048x498.png 2048w, https:\/\/mobidictum.com\/wp-content\/uploads\/2021\/03\/Mobidictum-Business-Logo_white-01-1920x467.png 1920w, https:\/\/mobidictum.com\/wp-content\/uploads\/2021\/03\/Mobidictum-Business-Logo_white-01-1170x285.png 1170w, https:\/\/mobidictum.com\/wp-content\/uploads\/2021\/03\/Mobidictum-Business-Logo_white-01-585x142.png 585w\" sizes=\"(max-width: 640px) 100vw, 640px\" \/>\t\t\t\t\t\t\t\t\t\t\t\t\t\t\t<\/div>\n\t\t\t\t<\/div>\n\t\t\t\t\t<\/div>\n\t\t<\/div>\n\t\t\t\t\t<\/div>\n\t\t<\/section>\n\t\t\t\t<section class=\"elementor-section elementor-top-section elementor-element elementor-element-f8182d3 elementor-section-boxed elementor-section-height-default elementor-section-height-default\" data-id=\"f8182d3\" data-element_type=\"section\" data-e-type=\"section\">\n\t\t\t\t\t\t<div class=\"elementor-container elementor-column-gap-default\">\n\t\t\t\t\t<div class=\"elementor-column elementor-col-100 elementor-top-column elementor-element elementor-element-5c82cba0\" data-id=\"5c82cba0\" data-element_type=\"column\" data-e-type=\"column\">\n\t\t\t<div class=\"elementor-widget-wrap elementor-element-populated\">\n\t\t\t\t\t\t<div class=\"elementor-element elementor-element-2b4dfc2c elementor-widget elementor-widget-text-editor\" data-id=\"2b4dfc2c\" data-element_type=\"widget\" data-e-type=\"widget\" data-widget_type=\"text-editor.default\">\n\t\t\t\t<div class=\"elementor-widget-container\">\n\t\t\t\t\t\t\t\t\t<p>Mobidictum.biz\u2019e ho\u015fgeldiniz! Mobil oyunlar\u0131 seviyor ve bu konuda i\u00e7erikler \u00fcretiyoruz. 2015 y\u0131l\u0131ndan beri oyun geli\u015ftiricilerine bas\u0131n taraf\u0131nda yard\u0131mc\u0131 olmaya \u00e7al\u0131\u015f\u0131yoruz. 2020\u2019nin ba\u015f\u0131nda, B2B ve B2C i\u00e7eri\u011fini ay\u0131rmaya ve Mobidictum.biz olu\u015fturmaya karar verdik. Mobil oyun sekt\u00f6r\u00fc haberlerini i\u00e7in yeni sitemiz art\u0131k Mobidictum.biz.<\/p><p>Mobil oyun end\u00fcstrisi tutkuyla ba\u011fl\u0131y\u0131z. Bu sitede <a href=\"https:\/\/mobi.ondokuz10.com\/tr\/haberler\" rel=\"nofollow noopener\" target=\"_blank\">end\u00fcstri haberleri<\/a>,\u00a0<a href=\"https:\/\/mobi.ondokuz10.com\/tr\/rehberler\/\" target=\"_blank\" rel=\"noopener nofollow\">rehberler<\/a>\u00a0ve <a href=\"https:\/\/mobi.ondokuz10.com\/tr\/roportajlar\/\" rel=\"nofollow noopener\" target=\"_blank\">r\u00f6portajlar<\/a> bulacaks\u0131n\u0131z. Bu \u00fc\u00e7 alanda i\u00e7erik \u00fcretmenin bizim i\u00e7in b\u00fcy\u00fck bir de\u011feri var. Bu web sitesinin oyun geli\u015ftiricileri i\u00e7in bir merkez olmas\u0131n\u0131 istiyoruz. Bu y\u00fczden buray\u0131, geli\u015ftiricilerin sekt\u00f6rle ilgili g\u00fcncellemeleri alabilecekleri, oyun yaz\u0131l\u0131m ara\u00e7lar\u0131 hakk\u0131nda bilgi alabilecekleri ve ilham almak i\u00e7in di\u011fer geli\u015ftiricilerin hikayelerini okuyabilecekleri bir yer h\u00e2line getirmeye \u00e7al\u0131\u015f\u0131yoruz.<\/p><p>E\u011fer mobil oyun d\u00fcnyas\u0131n\u0131n bir par\u00e7as\u0131 olmak istiyorsan\u0131z, bize kat\u0131lman\u0131z\u0131 \u00e7ok isteriz! Bizi sosyal medyam\u0131z \u00fczerinden takip etti\u011finizden ve <a href=\"https:\/\/mobi.ondokuz10.com\/tr\/bulten\/\" rel=\"nofollow noopener\" target=\"_blank\">haber b\u00fcltenimize<\/a> abone oldu\u011funuzdan emin olun. Spam yapmayaca\u011f\u0131m\u0131za ve yaln\u0131zca de\u011ferli oldu\u011funa inand\u0131\u011f\u0131m\u0131z i\u00e7eri\u011fi payla\u015faca\u011f\u0131m\u0131za s\u00f6z veriyoruz.<\/p><p><strong>Sosyal medya hesaplar\u0131m\u0131z<\/strong><\/p><ul><li><a href=\"https:\/\/www.linkedin.com\/company\/mobidictum\/\" target=\"_blank\" rel=\"noopener nofollow\">LinkedIn<\/a><\/li><li><a href=\"https:\/\/twitter.com\/mobidictum\" target=\"_blank\" rel=\"noopener nofollow\">Twitter<\/a><\/li><li><a href=\"https:\/\/www.facebook.com\/mobidictum\/\" target=\"_blank\" rel=\"noopener nofollow\">Facebook<\/a><\/li><li><a href=\"https:\/\/www.youtube.com\/channel\/UCByQiGC0DFXuEMc8zGikNQw\" target=\"_blank\" rel=\"noopener nofollow\">YouTube<\/a><\/li><li><a href=\"https:\/\/discord.gg\/N7GCPxjbgH\" target=\"_blank\" rel=\"noopener nofollow\">Discord<\/a><\/li><\/ul><p>Bize <a href=\"https:\/\/mobi.ondokuz10.com\/tr\/iletisim\/\" rel=\"nofollow noopener\" target=\"_blank\">ileti\u015fim<\/a> sayfam\u0131zdan mesaj g\u00f6nderebilirsiniz.<\/p>\t\t\t\t\t\t\t\t<\/div>\n\t\t\t\t<\/div>\n\t\t\t\t\t<\/div>\n\t\t<\/div>\n\t\t\t\t\t<\/div>\n\t\t<\/section>\n\t\t\t\t<\/div>\n\t\t","protected":false},"excerpt":{"rendered":"<p>Mobidictum 2015 y\u0131l\u0131nda kurulmu\u015f, k\u00fcresel, oyun end\u00fcstrisi odakl\u0131 bir medya \u015firketidir.Mobidictum, oyun geli\u015ftiricilerinin oyunlar\u0131n\u0131 k\u00fcresel oyun end\u00fcstrisine tan\u0131tmalar\u0131na yard\u0131mc\u0131 olurve networking etkinlikleri ile konferanslar arac\u0131l\u0131\u011f\u0131yla, oyun ekosistemini g\u00fc\u00e7lendirmeye kendisinevizyon olarak belirlemi\u015ftir. Medya g\u00fcc\u00fcm\u00fcz markalar\u0131 b\u00fcy\u00fctmemizi sa\u011flarken, geni\u015f da\u011f\u0131t\u0131m a\u011f\u0131m\u0131z da \u015firketlerin daha geni\u015fkitlelere, potansiyel yat\u0131r\u0131mc\u0131lara, ihtiya\u00e7 duyduklar\u0131 do\u011fru yeteneklere ve birlikte b\u00fcy\u00fcyecekleriortaklara eri\u015fmesini sa\u011flar. Misyonumuz, [&hellip;]<\/p>\n","protected":false},"author":1,"featured_media":0,"parent":0,"menu_order":0,"comment_status":"closed","ping_status":"closed","template":"","meta":{"_acf_changed":false,"footnotes":""},"class_list":["post-7207","page","type-page","status-publish","hentry"],"acf":[],"_links":{"self":[{"href":"https:\/\/mobidictum.com\/tr\/wp-json\/wp\/v2\/pages\/7207","targetHints":{"allow":["GET"]}}],"collection":[{"href":"https:\/\/mobidictum.com\/tr\/wp-json\/wp\/v2\/pages"}],"about":[{"href":"https:\/\/mobidictum.com\/tr\/wp-json\/wp\/v2\/types\/page"}],"author":[{"embeddable":true,"href":"https:\/\/mobidictum.com\/tr\/wp-json\/wp\/v2\/users\/1"}],"replies":[{"embeddable":true,"href":"https:\/\/mobidictum.com\/tr\/wp-json\/wp\/v2\/comments?post=7207"}],"version-history":[{"count":6,"href":"https:\/\/mobidictum.com\/tr\/wp-json\/wp\/v2\/pages\/7207\/revisions"}],"predecessor-version":[{"id":161930,"href":"https:\/\/mobidictum.com\/tr\/wp-json\/wp\/v2\/pages\/7207\/revisions\/161930"}],"wp:attachment":[{"href":"https:\/\/mobidictum.com\/tr\/wp-json\/wp\/v2\/media?parent=7207"}],"curies":[{"name":"wp","href":"https:\/\/api.w.org\/{rel}","templated":true}]}}